{"id":1625,"date":"2022-09-05T15:29:48","date_gmt":"2022-09-05T13:29:48","guid":{"rendered":"https:\/\/www.aryabikini.com\/?post_type=product&#038;p=1625"},"modified":"2024-08-26T20:42:00","modified_gmt":"2024-08-26T18:42:00","slug":"competition-jewelry-silver-set","status":"publish","type":"product","link":"https:\/\/www.aryabikini.com\/de\/produkt\/wettbewerb-schmuck-silber-satz\/","title":{"rendered":"Wettkampfschmuck - Set Silber"},"content":{"rendered":"<p class=\"translation-block\">Wir sind der festen \u00dcberzeugung, dass dieses gl\u00e4nzende Armband und einer dieser Diamantohrringe aus unserer <a href=\"https:\/\/www.aryabikini.com\/de\/product-category\/arya-accessories\/competition-jewerly\/\" target=\"_self\">Arya-Schmuckkollektion<\/a> die richtigen sind. Wenn Ihnen unser Schmuck gef\u00e4llt, vergessen Sie nicht, einen Blick in unsere Arya-Boxen zu werfen. Dort finden Sie alles Wichtige f\u00fcr Ihren zuk\u00fcnftigen Bikini-Fitness-Wettbewerb, aber zum besten Preis.<\/p>\n<p>Wer w\u00fcrde nicht gro\u00dfe Ohrringe lieben? Jetzt k\u00f6nnen Sie Ihre nach Ihren pers\u00f6nlichen Vorlieben und Stil haben. Wir haben eine gro\u00dfe Auswahl an Wettbewerbskristall-Ohrringen, so dass Sie w\u00e4hlen k\u00f6nnen, was Sie wollen, dass sie wie aussehen.<\/p>\n<p>Unser Wettbewerbsschmuck und insbesondere unsere Kristallohrringe und Diamantarmb\u00e4nder sind Ihr n\u00e4chstes Lieblingsaccessoire f\u00fcr die B\u00fchne. Nehmen Sie diesen zus\u00e4tzlichen Glam mit und vergessen Sie nicht zu gewinnen. Es geht nicht nur um den Bikini. Du repr\u00e4sentierst dein ganzes Ich, einschlie\u00dflich deiner Pers\u00f6nlichkeit, deiner Energie und deines ersten Eindrucks. Du musst dich so gut wie m\u00f6glich pr\u00e4sentieren, und oft sind es die Details, die daf\u00fcr am wichtigsten sind. Schlie\u00dflich m\u00fcssen wir zugeben, dass unser Wettkampfschmuck jedem Bikini-B\u00fchnenauftritt den letzten Schliff verleiht.<\/p>\n<p>&nbsp;<\/p>","protected":false},"excerpt":{"rendered":"<p>Schmuck ist ein weiteres wichtiges St\u00fcck, um Ihren endg\u00fcltigen Look f\u00fcr die Wettbewerbsphase zu vervollst\u00e4ndigen. W\u00e4hlen Sie mit Bedacht, da die St\u00fccke Ihren Look erg\u00e4nzen k\u00f6nnen oder auch nicht. Wir bieten sowohl Silber- als auch Goldschmuck f\u00fcr jeden Hautton und Unterton an. Mit dieser Art von Wettkampfschmuck k\u00f6nnen Sie nichts falsch machen. Es ist ein Evergreen und Sie werden bald verstehen, warum. Wir haben darauf geachtet, dass alle St\u00fccke elegant, luxuri\u00f6s und dennoch absolut erschwinglich sind.<\/p>\n<p>Dies ist unser beliebtestes Silber-Wettkampf-Schmuckset. Dieses Set ist perfekt f\u00fcr einen B\u00fchnenauftritt, da es das Licht auf nat\u00fcrliche Weise reflektiert und Sie zum Leuchten bringt.<\/p>","protected":false},"featured_media":1661,"comment_status":"open","ping_status":"closed","template":"","meta":{"_acf_changed":false},"product_brand":[],"product_cat":[40,32,101,115,24],"product_tag":[],"class_list":{"0":"post-1625","1":"product","2":"type-product","3":"status-publish","4":"has-post-thumbnail","6":"product_cat-competition-jewerly","7":"product_cat-arya-accessories","8":"product_cat-bestsellers","9":"product_cat-jewerly-set","10":"product_cat-recommended-products","11":"tm-no-options","13":"first","14":"instock","15":"shipping-taxable","16":"purchasable","17":"product-type-variable"},"acf":[],"jetpack_sharing_enabled":true,"_links":{"self":[{"href":"https:\/\/www.aryabikini.com\/de\/wp-json\/wp\/v2\/product\/1625","targetHints":{"allow":["GET"]}}],"collection":[{"href":"https:\/\/www.aryabikini.com\/de\/wp-json\/wp\/v2\/product"}],"about":[{"href":"https:\/\/www.aryabikini.com\/de\/wp-json\/wp\/v2\/types\/product"}],"replies":[{"embeddable":true,"href":"https:\/\/www.aryabikini.com\/de\/wp-json\/wp\/v2\/comments?post=1625"}],"wp:featuredmedia":[{"embeddable":true,"href":"https:\/\/www.aryabikini.com\/de\/wp-json\/wp\/v2\/media\/1661"}],"wp:attachment":[{"href":"https:\/\/www.aryabikini.com\/de\/wp-json\/wp\/v2\/media?parent=1625"}],"wp:term":[{"taxonomy":"product_brand","embeddable":true,"href":"https:\/\/www.aryabikini.com\/de\/wp-json\/wp\/v2\/product_brand?post=1625"},{"taxonomy":"product_cat","embeddable":true,"href":"https:\/\/www.aryabikini.com\/de\/wp-json\/wp\/v2\/product_cat?post=1625"},{"taxonomy":"product_tag","embeddable":true,"href":"https:\/\/www.aryabikini.com\/de\/wp-json\/wp\/v2\/product_tag?post=1625"}],"curies":[{"name":"wp","href":"https:\/\/api.w.org\/{rel}","templated":true}]}}