{"id":1605,"date":"2022-09-05T11:57:50","date_gmt":"2022-09-05T09:57:50","guid":{"rendered":"https:\/\/www.aryabikini.com\/?post_type=product&#038;p=1605"},"modified":"2024-08-26T20:41:46","modified_gmt":"2024-08-26T18:41:46","slug":"competition-jewerly-golden-set","status":"publish","type":"product","link":"https:\/\/www.aryabikini.com\/de\/produkt\/wettbewerb-juwelen-gold-satz\/","title":{"rendered":"Wettbewerb Schmuck - Goldener Satz"},"content":{"rendered":"<p class=\"translation-block\">Wir sind der festen \u00dcberzeugung, dass dieses gl\u00e4nzende Armband und einer dieser Diamantohrringe aus unserer <a href=\"https:\/\/www.aryabikini.com\/de\/product-category\/arya-accessories\/competition-jewerly\/\" target=\"_self\">Arya-Schmuckkollektion<\/a> die richtigen sind. Wenn Ihnen unser Schmuck gef\u00e4llt, vergessen Sie nicht, einen Blick in unsere Arya-Boxen zu werfen. Dort finden Sie alles Wichtige f\u00fcr Ihren zuk\u00fcnftigen Bikini-Fitness-Wettbewerb, aber zum besten Preis.<\/p>\n<p>Wer liebt kein Diamantarmband? Jetzt k\u00f6nnen Sie Ihre nach Ihren pers\u00f6nlichen Vorlieben und Ihrem Stil haben. Wir haben eine gro\u00dfe Auswahl an Wettkampfschmuck, so dass Sie w\u00e4hlen k\u00f6nnen, wie er aussehen soll. Wir hoffen, Sie finden hier Ihr Lieblingsst\u00fcck.<\/p>\n<p>Unser Wettkampfschmuck und insbesondere Kristallohrringe und -armb\u00e4nder sind Ihre n\u00e4chsten Lieblingsaccessoires. Nehmen Sie den Extra-Glamour mit und vergessen Sie nicht zu gewinnen. Mit ihren Steinen und Kristallen, die Glamour und Funkeln ausstrahlen, werden Sie von Kopf bis Fu\u00df perfekt aufeinander abgestimmt sein. Das Beste ist, dass Sie mit Arya-Produkten nichts falsch machen k\u00f6nnen.<\/p>\n<p>&nbsp;<\/p>","protected":false},"excerpt":{"rendered":"<p>Schmuck ist ein weiteres wichtiges St\u00fcck, um Ihren endg\u00fcltigen Look f\u00fcr die Wettbewerbsphase zu vervollst\u00e4ndigen. W\u00e4hlen Sie mit Bedacht, da die St\u00fccke Ihren Look erg\u00e4nzen k\u00f6nnen oder auch nicht. Wir bieten sowohl Silber- als auch Goldschmuck f\u00fcr jeden Hautton und Unterton an. Mit dieser Art von Wettkampfschmuck k\u00f6nnen Sie nichts falsch machen. Es ist ein Evergreen und Sie werden bald verstehen, warum. Wir haben darauf geachtet, dass alle St\u00fccke elegant, luxuri\u00f6s und dennoch absolut erschwinglich sind.<\/p>\n<p>Dies ist unser beliebtestes Gold-Wettkampf-Schmuckset. Dieses Set ist perfekt f\u00fcr einen B\u00fchnenauftritt, da es das Licht auf nat\u00fcrliche Weise reflektiert und Sie zum Leuchten bringt.<\/p>","protected":false},"featured_media":1660,"comment_status":"open","ping_status":"closed","template":"","meta":{"_acf_changed":false},"product_brand":[],"product_cat":[40,32,115,24],"product_tag":[],"class_list":{"0":"post-1605","1":"product","2":"type-product","3":"status-publish","4":"has-post-thumbnail","6":"product_cat-competition-jewerly","7":"product_cat-arya-accessories","8":"product_cat-jewerly-set","9":"product_cat-recommended-products","10":"tm-no-options","12":"first","13":"instock","14":"shipping-taxable","15":"purchasable","16":"product-type-variable"},"acf":[],"jetpack_sharing_enabled":true,"_links":{"self":[{"href":"https:\/\/www.aryabikini.com\/de\/wp-json\/wp\/v2\/product\/1605","targetHints":{"allow":["GET"]}}],"collection":[{"href":"https:\/\/www.aryabikini.com\/de\/wp-json\/wp\/v2\/product"}],"about":[{"href":"https:\/\/www.aryabikini.com\/de\/wp-json\/wp\/v2\/types\/product"}],"replies":[{"embeddable":true,"href":"https:\/\/www.aryabikini.com\/de\/wp-json\/wp\/v2\/comments?post=1605"}],"wp:featuredmedia":[{"embeddable":true,"href":"https:\/\/www.aryabikini.com\/de\/wp-json\/wp\/v2\/media\/1660"}],"wp:attachment":[{"href":"https:\/\/www.aryabikini.com\/de\/wp-json\/wp\/v2\/media?parent=1605"}],"wp:term":[{"taxonomy":"product_brand","embeddable":true,"href":"https:\/\/www.aryabikini.com\/de\/wp-json\/wp\/v2\/product_brand?post=1605"},{"taxonomy":"product_cat","embeddable":true,"href":"https:\/\/www.aryabikini.com\/de\/wp-json\/wp\/v2\/product_cat?post=1605"},{"taxonomy":"product_tag","embeddable":true,"href":"https:\/\/www.aryabikini.com\/de\/wp-json\/wp\/v2\/product_tag?post=1605"}],"curies":[{"name":"wp","href":"https:\/\/api.w.org\/{rel}","templated":true}]}}