{"id":1434,"date":"2022-08-17T09:01:11","date_gmt":"2022-08-17T07:01:11","guid":{"rendered":"https:\/\/www.aryabikini.com\/?post_type=product&#038;p=1434"},"modified":"2024-08-26T20:40:49","modified_gmt":"2024-08-26T18:40:49","slug":"competition-luxury-robe-hot-flamingo","status":"publish","type":"product","link":"https:\/\/www.aryabikini.com\/de\/produkt\/wettbewerb-luxus-kleiderschrank-heiss-flamingo\/","title":{"rendered":"Wettbewerb Luxus-Bademantel - Hot Flamingo"},"content":{"rendered":"<p class=\"translation-block\">Wir bieten eine gro\u00dfe Auswahl an Wettkampfbikinis an, weil wir sicherstellen m\u00f6chten, dass Sie bei Arya Ihren bevorzugten Stil und Ihre bevorzugte Farbe finden. Diese Bikini-Wettkampfrobe ist definitiv etwas, das Sie auf Ihrem Weg zum Erfolg brauchen werden.<\/p>\n<p>Hautfreundliches Material, das angenehm zu tragen ist? So sind unsere Bikini-Wettkampfroben. \u00c4u\u00dferst praktisch und n\u00fctzlich \u2013 Roben wurden geschaffen, um Ihnen \u00fcberallhin zu helfen. Wir empfehlen, vor und nach dem Solariumbesuch eine Arya-Robe mitzunehmen. Es ist eine gute Idee, etwas Leichtes zu tragen, bis die Br\u00e4une getrocknet ist. Sie k\u00f6nnen es auch w\u00e4hrend des abschlie\u00dfenden Make-ups oder der Frisur tragen - es ist ein multifunktionaler Helfer. Bei Arya k\u00f6nnen Sie passende Sets aus Roben und Sommerbikinis kreieren. Bikini-Wettkampfrobe ist Ihr n\u00e4chstes Muss. Kleider sind aufgrund ihres Glanzes und Funkelns atemberaubende St\u00fccke. Die Wettkampfrobe Hot Flamingo wird mit einer Steinstickerei zum Hingucker.<\/p>\n<p>Was kann noch hinzugef\u00fcgt werden? Bikini-Wettkampfroben sind einfach perfekt. Und mit diesem Stickservice sind sie besser als je zuvor.<\/p>","protected":false},"excerpt":{"rendered":"<p>Die Satin-Robe Arya ist der letzte Teil Ihres gesamten Bikini-Fitness-Outfits. Mischen Sie es mit unserem Arya-Bikini, um einzigartige Kombinationen und Stile zu kreieren. Sie werden es nicht bereuen, dieses Kleid gekauft zu haben, auch wenn Sie es woanders als f\u00fcr einen Wettbewerb tragen m\u00f6chten.<\/p>","protected":false},"featured_media":1427,"comment_status":"open","ping_status":"closed","template":"","meta":{"_acf_changed":false},"product_brand":[],"product_cat":[41,32],"product_tag":[],"class_list":{"0":"post-1434","1":"product","2":"type-product","3":"status-publish","4":"has-post-thumbnail","6":"product_cat-competition-robe","7":"product_cat-arya-accessories","8":"tm-has-options","10":"first","11":"instock","12":"shipping-taxable","13":"purchasable","14":"product-type-variable","15":"has-default-attributes"},"acf":[],"jetpack_sharing_enabled":true,"_links":{"self":[{"href":"https:\/\/www.aryabikini.com\/de\/wp-json\/wp\/v2\/product\/1434","targetHints":{"allow":["GET"]}}],"collection":[{"href":"https:\/\/www.aryabikini.com\/de\/wp-json\/wp\/v2\/product"}],"about":[{"href":"https:\/\/www.aryabikini.com\/de\/wp-json\/wp\/v2\/types\/product"}],"replies":[{"embeddable":true,"href":"https:\/\/www.aryabikini.com\/de\/wp-json\/wp\/v2\/comments?post=1434"}],"wp:featuredmedia":[{"embeddable":true,"href":"https:\/\/www.aryabikini.com\/de\/wp-json\/wp\/v2\/media\/1427"}],"wp:attachment":[{"href":"https:\/\/www.aryabikini.com\/de\/wp-json\/wp\/v2\/media?parent=1434"}],"wp:term":[{"taxonomy":"product_brand","embeddable":true,"href":"https:\/\/www.aryabikini.com\/de\/wp-json\/wp\/v2\/product_brand?post=1434"},{"taxonomy":"product_cat","embeddable":true,"href":"https:\/\/www.aryabikini.com\/de\/wp-json\/wp\/v2\/product_cat?post=1434"},{"taxonomy":"product_tag","embeddable":true,"href":"https:\/\/www.aryabikini.com\/de\/wp-json\/wp\/v2\/product_tag?post=1434"}],"curies":[{"name":"wp","href":"https:\/\/api.w.org\/{rel}","templated":true}]}}