{"id":1433,"date":"2022-08-17T09:01:09","date_gmt":"2022-08-17T07:01:09","guid":{"rendered":"https:\/\/www.aryabikini.com\/?post_type=product&#038;p=1433"},"modified":"2025-01-07T07:26:15","modified_gmt":"2025-01-07T06:26:15","slug":"competition-luxury-robe-majestic-ocean","status":"publish","type":"product","link":"https:\/\/www.aryabikini.com\/de\/produkt\/wettbewerb-luxus-robe-majestic-ozean\/","title":{"rendered":"Wettbewerb Luxus-Bademantel - Majestic Ocean"},"content":{"rendered":"<p>Wir bieten eine breite Palette von <a href=\"https:\/\/www.aryabikini.com\/de\/product-category\/arya-accessories\/competition-robe\/\">Wettkampf-Bikini-M\u00e4ntel<\/a> denn wir m\u00f6chten sicherstellen, dass Sie bei Arya Ihren bevorzugten Stil und Ihre bevorzugte Farbe finden. Diese luxuri\u00f6se Robe f\u00fcr den Wettbewerb ist definitiv etwas, das Sie auf Ihrem Weg zum Erfolg brauchen werden.<\/p>\n<p>Hautfreundliches Material, das angenehm zu tragen ist ? Das sind unsere Bikini-Wettkampfm\u00e4ntel. \u00c4u\u00dferst praktisch und n\u00fctzlich - die Badem\u00e4ntel wurden geschaffen, um Ihnen zu helfen, wohin Sie auch gehen. Wir empfehlen Ihnen, Ihren Arya Bademantel vor und nach dem Auftragen von Fake-Tan mitzunehmen. Es ist gut, etwas Leichtes dabei zu haben, bis die Br\u00e4une getrocknet ist. Sie k\u00f6nnen ihn auch beim Nachschminken oder Frisieren tragen - er ist ein multifunktionaler Helfer. Bei Arya k\u00f6nnen Sie Sets aus Roben und Sommerbikinis zusammenstellen, die zueinander passen. Ein luxuri\u00f6ser Bademantel von Competition ist Ihr n\u00e4chstes Must-have. Badem\u00e4ntel sind dank ihres Glanzes und ihrer Funken ein tolles St\u00fcck. Die Wettbewerbsrobe Majestic Ocean wird mit ihrer Steinstickerei ein echter Hingucker sein.<\/p>\n<p>Was kann noch hinzugef\u00fcgt werden? Bikini-Wettkampfroben sind einfach perfekt. Und mit diesem Stickservice sind sie besser als je zuvor.<\/p>","protected":false},"excerpt":{"rendered":"<p class=\"p1\">Hautfreundliches Material, das angenehm zu tragen ist ? Das sind unsere Badem\u00e4ntel. \u00c4u\u00dferst praktisch und n\u00fctzlich - die Badem\u00e4ntel wurden geschaffen, um Ihnen zu helfen, wohin Sie auch gehen. Wir empfehlen Ihnen, diesen Bademantel vor und nach dem Auftragen von Fake-Tan mitzunehmen. Es ist gut, etwas Leichtes dabei zu haben, bis die Br\u00e4une getrocknet ist. Sie k\u00f6nnen ihn auch beim abschlie\u00dfenden Make-up oder beim Frisieren tragen - er ist ein multifunktionaler Helfer. Bei Arya k\u00f6nnen Sie Sets aus Badem\u00e4nteln und Sommerbikinis zusammenstellen, die zueinander passen.<\/p>\n<p class=\"p1\">Seien Sie erkennbar und unvergesslich in unseren Arya Roben, die mit Ihrem Namen bestickt werden. Es gibt Momente, in denen Sie diese Aufmerksamkeit zu sch\u00e4tzen wissen werden. Ob im Backstage-Bereich, bei der Registrierung oder sonst wo - machen Sie auf sich aufmerksam und sagen Sie, wer Sie sind.<\/p>","protected":false},"featured_media":1429,"comment_status":"open","ping_status":"closed","template":"","meta":{"_acf_changed":false},"product_brand":[],"product_cat":[41,32],"product_tag":[],"class_list":{"0":"post-1433","1":"product","2":"type-product","3":"status-publish","4":"has-post-thumbnail","6":"product_cat-competition-robe","7":"product_cat-arya-accessories","8":"tm-has-options","10":"first","11":"instock","12":"shipping-taxable","13":"purchasable","14":"product-type-variable","15":"has-default-attributes"},"acf":[],"jetpack_sharing_enabled":true,"_links":{"self":[{"href":"https:\/\/www.aryabikini.com\/de\/wp-json\/wp\/v2\/product\/1433","targetHints":{"allow":["GET"]}}],"collection":[{"href":"https:\/\/www.aryabikini.com\/de\/wp-json\/wp\/v2\/product"}],"about":[{"href":"https:\/\/www.aryabikini.com\/de\/wp-json\/wp\/v2\/types\/product"}],"replies":[{"embeddable":true,"href":"https:\/\/www.aryabikini.com\/de\/wp-json\/wp\/v2\/comments?post=1433"}],"wp:featuredmedia":[{"embeddable":true,"href":"https:\/\/www.aryabikini.com\/de\/wp-json\/wp\/v2\/media\/1429"}],"wp:attachment":[{"href":"https:\/\/www.aryabikini.com\/de\/wp-json\/wp\/v2\/media?parent=1433"}],"wp:term":[{"taxonomy":"product_brand","embeddable":true,"href":"https:\/\/www.aryabikini.com\/de\/wp-json\/wp\/v2\/product_brand?post=1433"},{"taxonomy":"product_cat","embeddable":true,"href":"https:\/\/www.aryabikini.com\/de\/wp-json\/wp\/v2\/product_cat?post=1433"},{"taxonomy":"product_tag","embeddable":true,"href":"https:\/\/www.aryabikini.com\/de\/wp-json\/wp\/v2\/product_tag?post=1433"}],"curies":[{"name":"wp","href":"https:\/\/api.w.org\/{rel}","templated":true}]}}