{"id":1432,"date":"2022-08-17T09:01:08","date_gmt":"2022-08-17T07:01:08","guid":{"rendered":"https:\/\/www.aryabikini.com\/?post_type=product&#038;p=1432"},"modified":"2024-08-26T20:40:24","modified_gmt":"2024-08-26T18:40:24","slug":"competition-luxury-robe-purple-sunset","status":"publish","type":"product","link":"https:\/\/www.aryabikini.com\/de\/produkt\/wettbewerb-luxus-robe-violett-sonnenuntergang\/","title":{"rendered":"Competition Luxury Robe - Lila Sonnenuntergang"},"content":{"rendered":"<p>Wir bieten eine breite Palette von <a href=\"https:\/\/www.aryabikini.com\/de\/product-category\/arya-accessories\/competition-robe\/\">Wettkampf-Bikini-M\u00e4ntel<\/a> denn wir m\u00f6chten sicherstellen, dass Sie bei Arya Ihren bevorzugten Stil und Ihre bevorzugte Farbe finden. Diese Fitness-Wettkampf-Robe ist definitiv etwas, das Sie auf Ihrem Weg zum Erfolg brauchen werden.<\/p>\n<p>Hautfreundliches Material, das angenehm zu tragen ist ? Das sind unsere Bikini-Wettkampfm\u00e4ntel. \u00c4u\u00dferst praktisch und n\u00fctzlich - die Badem\u00e4ntel wurden geschaffen, um Ihnen zu helfen, wohin Sie auch gehen. Wir empfehlen Ihnen, Ihren Arya Bademantel vor und nach dem Auftragen von Fake-Tan mitzunehmen. Es ist gut, etwas Leichtes dabei zu haben, bis die Br\u00e4une getrocknet ist. Sie k\u00f6nnen ihn auch beim Nachschminken oder Frisieren tragen - er ist ein multifunktionaler Helfer. Bei Arya kannst du Sets aus Roben und Sommerbikinis zusammenstellen, die zueinander passen. Die Fitness-Wettkampf-Robe ist Ihr n\u00e4chstes Must-have. Roben sind dank ihres Glanzes und ihrer Funken ein tolles Teil. Die lilafarbene Sunset-Wettkampfrobe ist ein echter Hingucker mit Steinstickerei.<\/p>\n<p>Was kann noch hinzugef\u00fcgt werden? Bikini-Wettkampfroben sind einfach perfekt. Und mit diesem Stickservice sind sie besser als je zuvor.<\/p>","protected":false},"excerpt":{"rendered":"<p class=\"p1\">Die Satin-Robe Arya ist der letzte Teil Ihres gesamten Bikini-Fitness-Outfits. Mischen Sie es mit unserem Arya-Bikini, um einzigartige Kombinationen und Stile zu kreieren. Sie werden es nicht bereuen, dieses Kleid gekauft zu haben, auch wenn Sie es woanders als f\u00fcr einen Wettbewerb tragen m\u00f6chten.<\/p>","protected":false},"featured_media":1430,"comment_status":"open","ping_status":"closed","template":"","meta":{"_acf_changed":false},"product_brand":[],"product_cat":[41,32],"product_tag":[],"class_list":{"0":"post-1432","1":"product","2":"type-product","3":"status-publish","4":"has-post-thumbnail","6":"product_cat-competition-robe","7":"product_cat-arya-accessories","8":"tm-has-options","10":"first","11":"instock","12":"shipping-taxable","13":"purchasable","14":"product-type-variable","15":"has-default-attributes"},"acf":[],"jetpack_sharing_enabled":true,"_links":{"self":[{"href":"https:\/\/www.aryabikini.com\/de\/wp-json\/wp\/v2\/product\/1432","targetHints":{"allow":["GET"]}}],"collection":[{"href":"https:\/\/www.aryabikini.com\/de\/wp-json\/wp\/v2\/product"}],"about":[{"href":"https:\/\/www.aryabikini.com\/de\/wp-json\/wp\/v2\/types\/product"}],"replies":[{"embeddable":true,"href":"https:\/\/www.aryabikini.com\/de\/wp-json\/wp\/v2\/comments?post=1432"}],"wp:featuredmedia":[{"embeddable":true,"href":"https:\/\/www.aryabikini.com\/de\/wp-json\/wp\/v2\/media\/1430"}],"wp:attachment":[{"href":"https:\/\/www.aryabikini.com\/de\/wp-json\/wp\/v2\/media?parent=1432"}],"wp:term":[{"taxonomy":"product_brand","embeddable":true,"href":"https:\/\/www.aryabikini.com\/de\/wp-json\/wp\/v2\/product_brand?post=1432"},{"taxonomy":"product_cat","embeddable":true,"href":"https:\/\/www.aryabikini.com\/de\/wp-json\/wp\/v2\/product_cat?post=1432"},{"taxonomy":"product_tag","embeddable":true,"href":"https:\/\/www.aryabikini.com\/de\/wp-json\/wp\/v2\/product_tag?post=1432"}],"curies":[{"name":"wp","href":"https:\/\/api.w.org\/{rel}","templated":true}]}}