{"id":1419,"date":"2022-08-17T08:32:29","date_gmt":"2022-08-17T06:32:29","guid":{"rendered":"https:\/\/www.aryabikini.com\/?post_type=product&#038;p=1419"},"modified":"2024-08-26T20:36:38","modified_gmt":"2024-08-26T18:36:38","slug":"competition-jewerly-golden-dragon-bracelet","status":"publish","type":"product","link":"https:\/\/www.aryabikini.com\/de\/produkt\/wettbewerb-juwelen-goldener-drache-armband\/","title":{"rendered":"Wettbewerb Schmuck - Golden Dragon Armband"},"content":{"rendered":"<p>Wir sind fest davon \u00fcberzeugt, dass dieses goldene Drachenarmband oder das andere silberne Armband aus unserer Arya-Schmuckkollektion <a href=\"https:\/\/www.aryabikini.com\/de\/product-category\/arya-accessories\/competition-jewerly\/\">Arya-Schmuckkollektion<\/a> das Richtige f\u00fcr Sie sein wird. Wir m\u00f6chten Sie auch darauf hinweisen, dass wenn Ihnen dieses Schmuckst\u00fcck gef\u00e4llt, vergessen Sie nicht, sich unsere Arya-Boxen anzusehen. Dort finden Sie alles Wichtige f\u00fcr Ihren zuk\u00fcnftigen Wettkampf-Bikini-Fitness-Look, aber zum besten Preis.<\/p>\n<p>Wer liebt kein Diamantarmband? Jetzt k\u00f6nnen Sie Ihre nach Ihren pers\u00f6nlichen Vorlieben und Ihrem Stil haben. Wir haben eine gro\u00dfe Auswahl an Wettkampfschmuck, so dass Sie w\u00e4hlen k\u00f6nnen, wie er aussehen soll. Wir hoffen, Sie finden hier Ihr Lieblingsst\u00fcck.<\/p>\n<p>Unser Wettkampfschmuck und insbesondere Kristallohrringe und -armb\u00e4nder sind Ihre n\u00e4chsten Lieblingsaccessoires. Nehmen Sie den Extra-Glamour mit und vergessen Sie nicht zu gewinnen. Mit ihren Steinen und Kristallen, die Glamour und Funkeln ausstrahlen, werden Sie von Kopf bis Fu\u00df perfekt aufeinander abgestimmt sein.<\/p>\n<p>Das Beste ist, dass Sie mit Arya-Produkten nichts falsch machen k\u00f6nnen.<\/p>","protected":false},"excerpt":{"rendered":"<p>Schmuck ist ein weiteres wichtiges St\u00fcck, um Ihren endg\u00fcltigen Look f\u00fcr die Wettbewerbsphase zu vervollst\u00e4ndigen. W\u00e4hlen Sie mit Bedacht, da die St\u00fccke Ihren Look erg\u00e4nzen k\u00f6nnen oder auch nicht. Wir bieten sowohl Silber- als auch Goldschmuck f\u00fcr jeden Hautton und Unterton an. Mit dieser Art von Wettkampfschmuck k\u00f6nnen Sie nichts falsch machen. Es ist ein Evergreen und Sie werden bald verstehen, warum. Wir haben darauf geachtet, dass alle St\u00fccke elegant, luxuri\u00f6s und dennoch absolut erschwinglich sind.<\/p>","protected":false},"featured_media":954,"comment_status":"open","ping_status":"closed","template":"","meta":{"_acf_changed":false},"product_brand":[],"product_cat":[40,32],"product_tag":[],"class_list":{"0":"post-1419","1":"product","2":"type-product","3":"status-publish","4":"has-post-thumbnail","6":"product_cat-competition-jewerly","7":"product_cat-arya-accessories","8":"tm-no-options","10":"first","11":"instock","12":"shipping-taxable","13":"purchasable","14":"product-type-simple"},"acf":[],"jetpack_sharing_enabled":true,"_links":{"self":[{"href":"https:\/\/www.aryabikini.com\/de\/wp-json\/wp\/v2\/product\/1419","targetHints":{"allow":["GET"]}}],"collection":[{"href":"https:\/\/www.aryabikini.com\/de\/wp-json\/wp\/v2\/product"}],"about":[{"href":"https:\/\/www.aryabikini.com\/de\/wp-json\/wp\/v2\/types\/product"}],"replies":[{"embeddable":true,"href":"https:\/\/www.aryabikini.com\/de\/wp-json\/wp\/v2\/comments?post=1419"}],"wp:featuredmedia":[{"embeddable":true,"href":"https:\/\/www.aryabikini.com\/de\/wp-json\/wp\/v2\/media\/954"}],"wp:attachment":[{"href":"https:\/\/www.aryabikini.com\/de\/wp-json\/wp\/v2\/media?parent=1419"}],"wp:term":[{"taxonomy":"product_brand","embeddable":true,"href":"https:\/\/www.aryabikini.com\/de\/wp-json\/wp\/v2\/product_brand?post=1419"},{"taxonomy":"product_cat","embeddable":true,"href":"https:\/\/www.aryabikini.com\/de\/wp-json\/wp\/v2\/product_cat?post=1419"},{"taxonomy":"product_tag","embeddable":true,"href":"https:\/\/www.aryabikini.com\/de\/wp-json\/wp\/v2\/product_tag?post=1419"}],"curies":[{"name":"wp","href":"https:\/\/api.w.org\/{rel}","templated":true}]}}