{"id":1418,"date":"2022-08-17T08:31:11","date_gmt":"2022-08-17T06:31:11","guid":{"rendered":"https:\/\/www.aryabikini.com\/?post_type=product&#038;p=1418"},"modified":"2024-08-26T20:36:19","modified_gmt":"2024-08-26T18:36:19","slug":"competition-jewerly-silver-star-bracelet","status":"publish","type":"product","link":"https:\/\/www.aryabikini.com\/de\/produkt\/wettbewerb-juwelen-silber-sterne-armband\/","title":{"rendered":"Wettbewerb Schmuck - SiIver Star Armband"},"content":{"rendered":"<p>Wir glauben fest daran, dass dieses Silver Star Armband oder das andere - Diamantarmband aus unserem <a href=\"https:\/\/www.aryabikini.com\/de\/product-category\/arya-accessories\/competition-jewerly\/\">Arya-Schmuckkollektion<\/a> ist das Richtige f\u00fcr Sie. Au\u00dferdem m\u00f6chten wir betonen, dass Sie, wenn Ihnen dieser Schmuck gef\u00e4llt, nicht vergessen sollten, sich unsere Arya-Boxen anzusehen. Dort finden Sie alles Wichtige f\u00fcr Ihren zuk\u00fcnftigen Bikini-Fitness-Wettkampf-Look, aber zum besten Preis.<\/p>\n<p>Wer w\u00fcrde nicht gerne Kristallarmb\u00e4nder tragen? Jetzt k\u00f6nnen Sie Ihre nach Ihren pers\u00f6nlichen Vorlieben und Stil haben. Wir haben weit mehr als diesen silbernen Wettbewerbsschmuck, so dass Sie w\u00e4hlen k\u00f6nnen, was Sie bevorzugen. Wir hoffen, dass Sie Ihr Lieblingsst\u00fcck hier finden werden.<\/p>\n<p>Unser silberner Wettbewerbsschmuck und insbesondere unsere Kristallohrringe und -armb\u00e4nder sind Ihre n\u00e4chsten Lieblingsaccessoires. Nehmen Sie diesen zus\u00e4tzlichen Glam mit und vergessen Sie nicht zu gewinnen. Dank ihrer Steine und Kristalle, die Glam und Glanz ausstrahlen, werden Sie von Kopf bis Fu\u00df dazu passen.<\/p>\n<p>Das Beste ist, dass Sie mit Arya-Produkten nichts falsch machen k\u00f6nnen.<\/p>","protected":false},"excerpt":{"rendered":"<p>Schmuck ist ein weiteres wichtiges St\u00fcck, um Ihren endg\u00fcltigen Look f\u00fcr die Wettbewerbsphase zu vervollst\u00e4ndigen. W\u00e4hlen Sie mit Bedacht, da die St\u00fccke Ihren Look erg\u00e4nzen k\u00f6nnen oder auch nicht. Wir bieten sowohl Silber- als auch Goldschmuck f\u00fcr jeden Hautton und Unterton an. Mit dieser Art von Wettkampfschmuck k\u00f6nnen Sie nichts falsch machen. Es ist ein Evergreen und Sie werden bald verstehen, warum. Wir haben darauf geachtet, dass alle St\u00fccke elegant, luxuri\u00f6s und dennoch absolut erschwinglich sind.<\/p>","protected":false},"featured_media":1599,"comment_status":"open","ping_status":"closed","template":"","meta":{"_acf_changed":false},"product_brand":[],"product_cat":[40,32],"product_tag":[],"class_list":{"0":"post-1418","1":"product","2":"type-product","3":"status-publish","4":"has-post-thumbnail","6":"product_cat-competition-jewerly","7":"product_cat-arya-accessories","8":"tm-no-options","10":"first","11":"instock","12":"shipping-taxable","13":"purchasable","14":"product-type-simple"},"acf":[],"jetpack_sharing_enabled":true,"_links":{"self":[{"href":"https:\/\/www.aryabikini.com\/de\/wp-json\/wp\/v2\/product\/1418","targetHints":{"allow":["GET"]}}],"collection":[{"href":"https:\/\/www.aryabikini.com\/de\/wp-json\/wp\/v2\/product"}],"about":[{"href":"https:\/\/www.aryabikini.com\/de\/wp-json\/wp\/v2\/types\/product"}],"replies":[{"embeddable":true,"href":"https:\/\/www.aryabikini.com\/de\/wp-json\/wp\/v2\/comments?post=1418"}],"wp:featuredmedia":[{"embeddable":true,"href":"https:\/\/www.aryabikini.com\/de\/wp-json\/wp\/v2\/media\/1599"}],"wp:attachment":[{"href":"https:\/\/www.aryabikini.com\/de\/wp-json\/wp\/v2\/media?parent=1418"}],"wp:term":[{"taxonomy":"product_brand","embeddable":true,"href":"https:\/\/www.aryabikini.com\/de\/wp-json\/wp\/v2\/product_brand?post=1418"},{"taxonomy":"product_cat","embeddable":true,"href":"https:\/\/www.aryabikini.com\/de\/wp-json\/wp\/v2\/product_cat?post=1418"},{"taxonomy":"product_tag","embeddable":true,"href":"https:\/\/www.aryabikini.com\/de\/wp-json\/wp\/v2\/product_tag?post=1418"}],"curies":[{"name":"wp","href":"https:\/\/api.w.org\/{rel}","templated":true}]}}