{"id":1207,"date":"2022-08-16T21:09:09","date_gmt":"2022-08-16T19:09:09","guid":{"rendered":"https:\/\/www.aryabikini.com\/?post_type=product&#038;p=1207"},"modified":"2024-08-29T18:02:26","modified_gmt":"2024-08-29T16:02:26","slug":"competition-bikini-cinnamon-orange-stage-bikini-welness-fitness","status":"publish","type":"product","link":"https:\/\/www.aryabikini.com\/de\/produkt\/wettbewerb-bikini-zimt-orange-stufe-bikini-wellness-fitness\/","title":{"rendered":"Wettkampf-Bikini - Zimt-Orange - Bikini\/Welness Fitness"},"content":{"rendered":"<p>Diese Soft-Touch-Ausr\u00fcstung schafft ein Produkt, das sich angenehm tragen l\u00e4sst, sehr anschmiegsam ist und dank seines kurzen Faserflors gl\u00e4nzt. Wir arbeiten vor allem mit dem hochwertigsten Samt, um den luxuri\u00f6sesten Look zu schaffen. Dies ist der perfekte B\u00fchnenbikini, den Sie schon immer gesucht haben. Vergessen Sie nicht, dass wir Wettkampf-Bikinis f\u00fcr fast alle IFBB-Kategorien herstellen. Abschlie\u00dfend m\u00f6chten wir betonen, dass Qualit\u00e4t und Ihre Zufriedenheit f\u00fcr uns h\u00f6chste Priorit\u00e4t haben.<\/p>\n<p class=\"translation-block\">Wir behandeln jeden Kristall und Stein sorgf\u00e4ltig, bevor wir ihn am Bikini anbringen. Jeder Kristall wird von Hand an Ihrem einzigartigen Bikini befestigt. Wir arbeiten mit Kristallen in allen Farben. Unsere Steine \u200b\u200bhaben eine runde Form, da diese Form unserer pers\u00f6nlichen Erfahrung nach der besten Wahl f\u00fcr jeden Wettkampfbikini ist. Wir bem\u00fchen uns, allen unseren Kunden Bikinis mit perfekter Pose zur Verf\u00fcgung zu stellen. Um unsere gesamte erstaunliche Sammlung zu sehen, klicken Sie hier. Unsere Kollektion sieht nicht nur gut aus, sondern passt sich auch perfekt Ihrem K\u00f6rper an.<\/p>\n<p>Um unseren Bikini Arya zu bestellen, senden Sie uns bitte Ihre pers\u00f6nlichen Ma\u00dfe. Wir werden best\u00e4tigen, ob Sie die richtige Gr\u00f6\u00dfe entsprechend Ihrer k\u00f6rperlichen Verfassung gew\u00e4hlt haben. Bitte f\u00fcllen Sie das Feld \u201eIhre Ma\u00dfe\u201c aus.<\/p>","protected":false},"excerpt":{"rendered":"<p>This soft-to-touch finish creates a product comfortable for wearing, very snugly and shiny thanks to its short fibre piles. We especially work with the highest quality velvet to create the most luxurious look. This is the perfect stage bikini that you have been looking for. Do not forget we create competition stage bikinis for almost [&hellip;]<\/p>\n","protected":false},"featured_media":435,"comment_status":"open","ping_status":"closed","template":"","meta":{"_acf_changed":false},"product_brand":[],"product_cat":[26,25],"product_tag":[],"class_list":{"0":"post-1207","1":"product","2":"type-product","3":"status-publish","4":"has-post-thumbnail","6":"product_cat-bikini-fitness","7":"product_cat-competition-bikini","8":"tm-has-options","10":"first","11":"instock","12":"shipping-taxable","13":"purchasable","14":"product-type-simple"},"acf":[],"jetpack_sharing_enabled":true,"_links":{"self":[{"href":"https:\/\/www.aryabikini.com\/de\/wp-json\/wp\/v2\/product\/1207","targetHints":{"allow":["GET"]}}],"collection":[{"href":"https:\/\/www.aryabikini.com\/de\/wp-json\/wp\/v2\/product"}],"about":[{"href":"https:\/\/www.aryabikini.com\/de\/wp-json\/wp\/v2\/types\/product"}],"replies":[{"embeddable":true,"href":"https:\/\/www.aryabikini.com\/de\/wp-json\/wp\/v2\/comments?post=1207"}],"wp:featuredmedia":[{"embeddable":true,"href":"https:\/\/www.aryabikini.com\/de\/wp-json\/wp\/v2\/media\/435"}],"wp:attachment":[{"href":"https:\/\/www.aryabikini.com\/de\/wp-json\/wp\/v2\/media?parent=1207"}],"wp:term":[{"taxonomy":"product_brand","embeddable":true,"href":"https:\/\/www.aryabikini.com\/de\/wp-json\/wp\/v2\/product_brand?post=1207"},{"taxonomy":"product_cat","embeddable":true,"href":"https:\/\/www.aryabikini.com\/de\/wp-json\/wp\/v2\/product_cat?post=1207"},{"taxonomy":"product_tag","embeddable":true,"href":"https:\/\/www.aryabikini.com\/de\/wp-json\/wp\/v2\/product_tag?post=1207"}],"curies":[{"name":"wp","href":"https:\/\/api.w.org\/{rel}","templated":true}]}}