{"id":1158,"date":"2022-08-16T21:07:30","date_gmt":"2022-08-16T19:07:30","guid":{"rendered":"https:\/\/www.aryabikini.com\/?post_type=product&#038;p=1158"},"modified":"2024-08-29T18:02:34","modified_gmt":"2024-08-29T16:02:34","slug":"competition-bikini-classic-red-posing-bikini","status":"publish","type":"product","link":"https:\/\/www.aryabikini.com\/de\/produkt\/wettbewerb-bikini-klassik-rot-posen-bikini\/","title":{"rendered":"Wettkampf-Bikini - Klassisches Rot - Bikini\/Wellness Fitness"},"content":{"rendered":"<p>Diese Soft-Touch-Ausr\u00fcstung schafft ein Produkt, das sich angenehm tragen l\u00e4sst, sehr anschmiegsam ist und dank seines kurzen Faserflors gl\u00e4nzt. Wir arbeiten vor allem mit dem hochwertigsten Samt, um den luxuri\u00f6sesten Look zu schaffen. Dies ist der perfekte Posing-Bikini, den Sie schon immer gesucht haben. Vergessen Sie nicht, dass wir Wettkampf-Posing-Bikinis f\u00fcr fast jede IFBB-Kategorie herstellen. Abschlie\u00dfend m\u00f6chten wir betonen, dass Qualit\u00e4t und Ihre Zufriedenheit f\u00fcr uns h\u00f6chste Priorit\u00e4t haben.<\/p>\n<p>Wir bearbeiten jeden Kristall und Stein sorgf\u00e4ltig, bevor wir ihn am Bikini anbringen. Jeder Kristall wird von Hand an Ihren einzigartigen Bikinis befestigt. Wir arbeiten mit Kristallen in allen Farben. Unsere Strasssteine haben eine runde Form, denn nach unserer pers\u00f6nlichen Erfahrung ist diese Form die beste Wahl f\u00fcr jeden Posing-Bikini. Wir tun unser Bestes, um alle unsere Kunden mit perfekten Posing-Bikinis zu versorgen. <span class=\"Apple-converted-space\">Wenn Sie unsere gesamte Kollektion sehen m\u00f6chten, klicken Sie einfach auf <a href=\"https:\/\/www.aryabikini.com\/de\/product-category\/competition-bikini\/\">hier<\/a>.<\/span> Unsere Kollektion sieht nicht nur gut aus, sondern passt sich auch perfekt an Ihren K\u00f6rper an.<\/p>\n<p>Um unseren Bikini Arya zu bestellen, senden Sie uns bitte Ihre pers\u00f6nlichen Ma\u00dfe. Wir werden best\u00e4tigen, ob Sie die richtige Gr\u00f6\u00dfe entsprechend Ihrer k\u00f6rperlichen Verfassung gew\u00e4hlt haben. Bitte f\u00fcllen Sie das Feld \u201eIhre Ma\u00dfe\u201c aus.<\/p>","protected":false},"excerpt":{"rendered":"<p>This soft-to-touch finish creates a product comfortable for wearing, very snugly and shiny thanks to its short fibre piles. We especially work with the highest quality velvet to create the most luxurious look. This is the perfect posing bikini that you have been looking for. Do not forget we create competition posing bikinis for almost [&hellip;]<\/p>\n","protected":false},"featured_media":440,"comment_status":"open","ping_status":"closed","template":"","meta":{"_acf_changed":false},"product_brand":[],"product_cat":[26,25],"product_tag":[],"class_list":{"0":"post-1158","1":"product","2":"type-product","3":"status-publish","4":"has-post-thumbnail","6":"product_cat-bikini-fitness","7":"product_cat-competition-bikini","8":"tm-has-options","10":"first","11":"instock","12":"shipping-taxable","13":"purchasable","14":"product-type-simple"},"acf":[],"jetpack_sharing_enabled":true,"_links":{"self":[{"href":"https:\/\/www.aryabikini.com\/de\/wp-json\/wp\/v2\/product\/1158","targetHints":{"allow":["GET"]}}],"collection":[{"href":"https:\/\/www.aryabikini.com\/de\/wp-json\/wp\/v2\/product"}],"about":[{"href":"https:\/\/www.aryabikini.com\/de\/wp-json\/wp\/v2\/types\/product"}],"replies":[{"embeddable":true,"href":"https:\/\/www.aryabikini.com\/de\/wp-json\/wp\/v2\/comments?post=1158"}],"wp:featuredmedia":[{"embeddable":true,"href":"https:\/\/www.aryabikini.com\/de\/wp-json\/wp\/v2\/media\/440"}],"wp:attachment":[{"href":"https:\/\/www.aryabikini.com\/de\/wp-json\/wp\/v2\/media?parent=1158"}],"wp:term":[{"taxonomy":"product_brand","embeddable":true,"href":"https:\/\/www.aryabikini.com\/de\/wp-json\/wp\/v2\/product_brand?post=1158"},{"taxonomy":"product_cat","embeddable":true,"href":"https:\/\/www.aryabikini.com\/de\/wp-json\/wp\/v2\/product_cat?post=1158"},{"taxonomy":"product_tag","embeddable":true,"href":"https:\/\/www.aryabikini.com\/de\/wp-json\/wp\/v2\/product_tag?post=1158"}],"curies":[{"name":"wp","href":"https:\/\/api.w.org\/{rel}","templated":true}]}}